{"id":288,"date":"2023-12-01T14:39:39","date_gmt":"2023-12-01T14:39:39","guid":{"rendered":"https:\/\/paultech.no11.ee\/product\/"},"modified":"2025-07-10T12:49:06","modified_gmt":"2025-07-10T12:49:06","slug":"toode","status":"publish","type":"page","link":"https:\/\/paul-tech.com\/et\/toode\/","title":{"rendered":"Toode"},"content":{"rendered":"","protected":false},"excerpt":{"rendered":"","protected":false},"author":5,"featured_media":0,"parent":0,"menu_order":0,"comment_status":"closed","ping_status":"closed","template":"","meta":{"_acf_changed":false,"footnotes":""},"class_list":["post-288","page","type-page","status-publish","hentry"],"acf":[],"yoast_head":"<!-- This site is optimized with the Yoast SEO Premium plugin v27.4 (Yoast SEO v27.4) - https:\/\/yoast.com\/product\/yoast-seo-premium-wordpress\/ -->\n<title>Paul-Tech mullajaam \u2013\u00a0S\u00e4\u00e4sta raha, kasutades oma p\u00f5llu andmeid<\/title>\n<meta name=\"description\" content=\"Paul-Techi mullaandurid viivad p\u00f5lluharimisotsused andmep\u00f5hiseks, lisamata liigset keerukust. Andurid on v\u00e4lja t\u00f6\u00f6tatud Eestis.\" \/>\n<meta name=\"robots\" content=\"index, follow, max-snippet:-1, max-image-preview:large, max-video-preview:-1\" \/>\n<link rel=\"canonical\" href=\"https:\/\/paul-tech.com\/et\/toode\/\" \/>\n<meta property=\"og:locale\" content=\"et_EE\" \/>\n<meta property=\"og:type\" content=\"article\" \/>\n<meta property=\"og:title\" content=\"Toode\" \/>\n<meta property=\"og:description\" content=\"Paul-Techi mullaandurid viivad p\u00f5lluharimisotsused andmep\u00f5hiseks, lisamata liigset keerukust. Andurid on v\u00e4lja t\u00f6\u00f6tatud Eestis.\" \/>\n<meta property=\"og:url\" content=\"https:\/\/paul-tech.com\/et\/toode\/\" \/>\n<meta property=\"og:site_name\" content=\"Paul-Tech\" \/>\n<meta property=\"article:modified_time\" content=\"2025-07-10T12:49:06+00:00\" \/>\n<meta name=\"twitter:card\" content=\"summary_large_image\" \/>\n<script type=\"application\/ld+json\" class=\"yoast-schema-graph\">{\"@context\":\"https:\\\/\\\/schema.org\",\"@graph\":[{\"@type\":\"WebPage\",\"@id\":\"https:\\\/\\\/paul-tech.com\\\/et\\\/toode\\\/\",\"url\":\"https:\\\/\\\/paul-tech.com\\\/et\\\/toode\\\/\",\"name\":\"Paul-Tech mullajaam \u2013\u00a0S\u00e4\u00e4sta raha, kasutades oma p\u00f5llu andmeid\",\"isPartOf\":{\"@id\":\"https:\\\/\\\/paul-tech.com\\\/#website\"},\"datePublished\":\"2023-12-01T14:39:39+00:00\",\"dateModified\":\"2025-07-10T12:49:06+00:00\",\"description\":\"Paul-Techi mullaandurid viivad p\u00f5lluharimisotsused andmep\u00f5hiseks, lisamata liigset keerukust. Andurid on v\u00e4lja t\u00f6\u00f6tatud Eestis.\",\"breadcrumb\":{\"@id\":\"https:\\\/\\\/paul-tech.com\\\/et\\\/toode\\\/#breadcrumb\"},\"inLanguage\":\"et\",\"potentialAction\":[{\"@type\":\"ReadAction\",\"target\":[\"https:\\\/\\\/paul-tech.com\\\/et\\\/toode\\\/\"]}]},{\"@type\":\"BreadcrumbList\",\"@id\":\"https:\\\/\\\/paul-tech.com\\\/et\\\/toode\\\/#breadcrumb\",\"itemListElement\":[{\"@type\":\"ListItem\",\"position\":1,\"name\":\"Home\",\"item\":\"https:\\\/\\\/paul-tech.com\\\/et\\\/\"},{\"@type\":\"ListItem\",\"position\":2,\"name\":\"Toode\"}]},{\"@type\":\"WebSite\",\"@id\":\"https:\\\/\\\/paul-tech.com\\\/#website\",\"url\":\"https:\\\/\\\/paul-tech.com\\\/\",\"name\":\"Paul-Tech\",\"description\":\"\",\"potentialAction\":[{\"@type\":\"SearchAction\",\"target\":{\"@type\":\"EntryPoint\",\"urlTemplate\":\"https:\\\/\\\/paul-tech.com\\\/?s={search_term_string}\"},\"query-input\":{\"@type\":\"PropertyValueSpecification\",\"valueRequired\":true,\"valueName\":\"search_term_string\"}}],\"inLanguage\":\"et\"}]}<\/script>\n<!-- \/ Yoast SEO Premium plugin. -->","yoast_head_json":{"title":"Paul-Tech mullajaam \u2013\u00a0S\u00e4\u00e4sta raha, kasutades oma p\u00f5llu andmeid","description":"Paul-Techi mullaandurid viivad p\u00f5lluharimisotsused andmep\u00f5hiseks, lisamata liigset keerukust. Andurid on v\u00e4lja t\u00f6\u00f6tatud Eestis.","robots":{"index":"index","follow":"follow","max-snippet":"max-snippet:-1","max-image-preview":"max-image-preview:large","max-video-preview":"max-video-preview:-1"},"canonical":"https:\/\/paul-tech.com\/et\/toode\/","og_locale":"et_EE","og_type":"article","og_title":"Toode","og_description":"Paul-Techi mullaandurid viivad p\u00f5lluharimisotsused andmep\u00f5hiseks, lisamata liigset keerukust. Andurid on v\u00e4lja t\u00f6\u00f6tatud Eestis.","og_url":"https:\/\/paul-tech.com\/et\/toode\/","og_site_name":"Paul-Tech","article_modified_time":"2025-07-10T12:49:06+00:00","twitter_card":"summary_large_image","schema":{"@context":"https:\/\/schema.org","@graph":[{"@type":"WebPage","@id":"https:\/\/paul-tech.com\/et\/toode\/","url":"https:\/\/paul-tech.com\/et\/toode\/","name":"Paul-Tech mullajaam \u2013\u00a0S\u00e4\u00e4sta raha, kasutades oma p\u00f5llu andmeid","isPartOf":{"@id":"https:\/\/paul-tech.com\/#website"},"datePublished":"2023-12-01T14:39:39+00:00","dateModified":"2025-07-10T12:49:06+00:00","description":"Paul-Techi mullaandurid viivad p\u00f5lluharimisotsused andmep\u00f5hiseks, lisamata liigset keerukust. Andurid on v\u00e4lja t\u00f6\u00f6tatud Eestis.","breadcrumb":{"@id":"https:\/\/paul-tech.com\/et\/toode\/#breadcrumb"},"inLanguage":"et","potentialAction":[{"@type":"ReadAction","target":["https:\/\/paul-tech.com\/et\/toode\/"]}]},{"@type":"BreadcrumbList","@id":"https:\/\/paul-tech.com\/et\/toode\/#breadcrumb","itemListElement":[{"@type":"ListItem","position":1,"name":"Home","item":"https:\/\/paul-tech.com\/et\/"},{"@type":"ListItem","position":2,"name":"Toode"}]},{"@type":"WebSite","@id":"https:\/\/paul-tech.com\/#website","url":"https:\/\/paul-tech.com\/","name":"Paul-Tech","description":"","potentialAction":[{"@type":"SearchAction","target":{"@type":"EntryPoint","urlTemplate":"https:\/\/paul-tech.com\/?s={search_term_string}"},"query-input":{"@type":"PropertyValueSpecification","valueRequired":true,"valueName":"search_term_string"}}],"inLanguage":"et"}]}},"_links":{"self":[{"href":"https:\/\/paul-tech.com\/et\/wp-json\/wp\/v2\/pages\/288","targetHints":{"allow":["GET"]}}],"collection":[{"href":"https:\/\/paul-tech.com\/et\/wp-json\/wp\/v2\/pages"}],"about":[{"href":"https:\/\/paul-tech.com\/et\/wp-json\/wp\/v2\/types\/page"}],"author":[{"embeddable":true,"href":"https:\/\/paul-tech.com\/et\/wp-json\/wp\/v2\/users\/5"}],"replies":[{"embeddable":true,"href":"https:\/\/paul-tech.com\/et\/wp-json\/wp\/v2\/comments?post=288"}],"version-history":[{"count":38,"href":"https:\/\/paul-tech.com\/et\/wp-json\/wp\/v2\/pages\/288\/revisions"}],"predecessor-version":[{"id":3724,"href":"https:\/\/paul-tech.com\/et\/wp-json\/wp\/v2\/pages\/288\/revisions\/3724"}],"wp:attachment":[{"href":"https:\/\/paul-tech.com\/et\/wp-json\/wp\/v2\/media?parent=288"}],"curies":[{"name":"wp","href":"https:\/\/api.w.org\/{rel}","templated":true}]}}