{"id":290,"date":"2023-11-22T14:17:58","date_gmt":"2023-11-22T14:17:58","guid":{"rendered":"https:\/\/paultech.no11.ee\/about-us\/"},"modified":"2025-12-30T11:24:19","modified_gmt":"2025-12-30T11:24:19","slug":"meist","status":"publish","type":"page","link":"https:\/\/paul-tech.com\/et\/meist\/","title":{"rendered":"Meist"},"content":{"rendered":"","protected":false},"excerpt":{"rendered":"","protected":false},"author":5,"featured_media":0,"parent":0,"menu_order":0,"comment_status":"closed","ping_status":"closed","template":"","meta":{"_acf_changed":false,"footnotes":""},"class_list":["post-290","page","type-page","status-publish","hentry"],"acf":[],"yoast_head":"<!-- This site is optimized with the Yoast SEO Premium plugin v27.4 (Yoast SEO v27.4) - https:\/\/yoast.com\/product\/yoast-seo-premium-wordpress\/ -->\n<title>Meist - Paul-Tech<\/title>\n<meta name=\"description\" content=\"Meie missiooniks on parandada p\u00f5llumeeste ja agronoomide igap\u00e4eva t\u00f6\u00f6d ja elu k\u00f5ikjal maailmas l\u00e4bi targa majandamise.\u2028\" \/>\n<meta name=\"robots\" content=\"index, follow, max-snippet:-1, max-image-preview:large, max-video-preview:-1\" \/>\n<link rel=\"canonical\" href=\"https:\/\/paul-tech.com\/et\/meist\/\" \/>\n<meta property=\"og:locale\" content=\"et_EE\" \/>\n<meta property=\"og:type\" content=\"article\" \/>\n<meta property=\"og:title\" content=\"Meist\" \/>\n<meta property=\"og:description\" content=\"Meie missiooniks on parandada p\u00f5llumeeste ja agronoomide igap\u00e4eva t\u00f6\u00f6d ja elu k\u00f5ikjal maailmas l\u00e4bi targa majandamise.\u2028\" \/>\n<meta property=\"og:url\" content=\"https:\/\/paul-tech.com\/et\/meist\/\" \/>\n<meta property=\"og:site_name\" content=\"Paul-Tech\" \/>\n<meta property=\"article:modified_time\" content=\"2025-12-30T11:24:19+00:00\" \/>\n<meta name=\"twitter:card\" content=\"summary_large_image\" \/>\n<script type=\"application\/ld+json\" class=\"yoast-schema-graph\">{\"@context\":\"https:\\\/\\\/schema.org\",\"@graph\":[{\"@type\":\"WebPage\",\"@id\":\"https:\\\/\\\/paul-tech.com\\\/et\\\/meist\\\/\",\"url\":\"https:\\\/\\\/paul-tech.com\\\/et\\\/meist\\\/\",\"name\":\"Meist - Paul-Tech\",\"isPartOf\":{\"@id\":\"https:\\\/\\\/paul-tech.com\\\/#website\"},\"datePublished\":\"2023-11-22T14:17:58+00:00\",\"dateModified\":\"2025-12-30T11:24:19+00:00\",\"description\":\"Meie missiooniks on parandada p\u00f5llumeeste ja agronoomide igap\u00e4eva t\u00f6\u00f6d ja elu k\u00f5ikjal maailmas l\u00e4bi targa majandamise.\\u2028\",\"breadcrumb\":{\"@id\":\"https:\\\/\\\/paul-tech.com\\\/et\\\/meist\\\/#breadcrumb\"},\"inLanguage\":\"et\",\"potentialAction\":[{\"@type\":\"ReadAction\",\"target\":[\"https:\\\/\\\/paul-tech.com\\\/et\\\/meist\\\/\"]}]},{\"@type\":\"BreadcrumbList\",\"@id\":\"https:\\\/\\\/paul-tech.com\\\/et\\\/meist\\\/#breadcrumb\",\"itemListElement\":[{\"@type\":\"ListItem\",\"position\":1,\"name\":\"Home\",\"item\":\"https:\\\/\\\/paul-tech.com\\\/et\\\/\"},{\"@type\":\"ListItem\",\"position\":2,\"name\":\"Meist\"}]},{\"@type\":\"WebSite\",\"@id\":\"https:\\\/\\\/paul-tech.com\\\/#website\",\"url\":\"https:\\\/\\\/paul-tech.com\\\/\",\"name\":\"Paul-Tech\",\"description\":\"\",\"potentialAction\":[{\"@type\":\"SearchAction\",\"target\":{\"@type\":\"EntryPoint\",\"urlTemplate\":\"https:\\\/\\\/paul-tech.com\\\/?s={search_term_string}\"},\"query-input\":{\"@type\":\"PropertyValueSpecification\",\"valueRequired\":true,\"valueName\":\"search_term_string\"}}],\"inLanguage\":\"et\"}]}<\/script>\n<!-- \/ Yoast SEO Premium plugin. -->","yoast_head_json":{"title":"Meist - Paul-Tech","description":"Meie missiooniks on parandada p\u00f5llumeeste ja agronoomide igap\u00e4eva t\u00f6\u00f6d ja elu k\u00f5ikjal maailmas l\u00e4bi targa majandamise.\u2028","robots":{"index":"index","follow":"follow","max-snippet":"max-snippet:-1","max-image-preview":"max-image-preview:large","max-video-preview":"max-video-preview:-1"},"canonical":"https:\/\/paul-tech.com\/et\/meist\/","og_locale":"et_EE","og_type":"article","og_title":"Meist","og_description":"Meie missiooniks on parandada p\u00f5llumeeste ja agronoomide igap\u00e4eva t\u00f6\u00f6d ja elu k\u00f5ikjal maailmas l\u00e4bi targa majandamise.\u2028","og_url":"https:\/\/paul-tech.com\/et\/meist\/","og_site_name":"Paul-Tech","article_modified_time":"2025-12-30T11:24:19+00:00","twitter_card":"summary_large_image","schema":{"@context":"https:\/\/schema.org","@graph":[{"@type":"WebPage","@id":"https:\/\/paul-tech.com\/et\/meist\/","url":"https:\/\/paul-tech.com\/et\/meist\/","name":"Meist - Paul-Tech","isPartOf":{"@id":"https:\/\/paul-tech.com\/#website"},"datePublished":"2023-11-22T14:17:58+00:00","dateModified":"2025-12-30T11:24:19+00:00","description":"Meie missiooniks on parandada p\u00f5llumeeste ja agronoomide igap\u00e4eva t\u00f6\u00f6d ja elu k\u00f5ikjal maailmas l\u00e4bi targa majandamise.\u2028","breadcrumb":{"@id":"https:\/\/paul-tech.com\/et\/meist\/#breadcrumb"},"inLanguage":"et","potentialAction":[{"@type":"ReadAction","target":["https:\/\/paul-tech.com\/et\/meist\/"]}]},{"@type":"BreadcrumbList","@id":"https:\/\/paul-tech.com\/et\/meist\/#breadcrumb","itemListElement":[{"@type":"ListItem","position":1,"name":"Home","item":"https:\/\/paul-tech.com\/et\/"},{"@type":"ListItem","position":2,"name":"Meist"}]},{"@type":"WebSite","@id":"https:\/\/paul-tech.com\/#website","url":"https:\/\/paul-tech.com\/","name":"Paul-Tech","description":"","potentialAction":[{"@type":"SearchAction","target":{"@type":"EntryPoint","urlTemplate":"https:\/\/paul-tech.com\/?s={search_term_string}"},"query-input":{"@type":"PropertyValueSpecification","valueRequired":true,"valueName":"search_term_string"}}],"inLanguage":"et"}]}},"_links":{"self":[{"href":"https:\/\/paul-tech.com\/et\/wp-json\/wp\/v2\/pages\/290","targetHints":{"allow":["GET"]}}],"collection":[{"href":"https:\/\/paul-tech.com\/et\/wp-json\/wp\/v2\/pages"}],"about":[{"href":"https:\/\/paul-tech.com\/et\/wp-json\/wp\/v2\/types\/page"}],"author":[{"embeddable":true,"href":"https:\/\/paul-tech.com\/et\/wp-json\/wp\/v2\/users\/5"}],"replies":[{"embeddable":true,"href":"https:\/\/paul-tech.com\/et\/wp-json\/wp\/v2\/comments?post=290"}],"version-history":[{"count":59,"href":"https:\/\/paul-tech.com\/et\/wp-json\/wp\/v2\/pages\/290\/revisions"}],"predecessor-version":[{"id":4707,"href":"https:\/\/paul-tech.com\/et\/wp-json\/wp\/v2\/pages\/290\/revisions\/4707"}],"wp:attachment":[{"href":"https:\/\/paul-tech.com\/et\/wp-json\/wp\/v2\/media?parent=290"}],"curies":[{"name":"wp","href":"https:\/\/api.w.org\/{rel}","templated":true}]}}