{"id":5204,"date":"2026-01-30T08:03:50","date_gmt":"2026-01-30T08:03:50","guid":{"rendered":"https:\/\/paul-tech.com\/buy-your-soil-station\/"},"modified":"2026-03-24T09:49:01","modified_gmt":"2026-03-24T09:49:01","slug":"buy-your-soil-station","status":"publish","type":"page","link":"https:\/\/paul-tech.com\/lt\/buy-your-soil-station\/","title":{"rendered":"\u012esigykite savo dirvo\u017eemio stot\u012f"},"content":{"rendered":"","protected":false},"excerpt":{"rendered":"","protected":false},"author":9,"featured_media":0,"parent":0,"menu_order":0,"comment_status":"closed","ping_status":"closed","template":"","meta":{"_acf_changed":false,"footnotes":""},"class_list":["post-5204","page","type-page","status-publish","hentry"],"acf":[],"yoast_head":"<!-- This site is optimized with the Yoast SEO Premium plugin v27.4 (Yoast SEO v27.4) - https:\/\/yoast.com\/product\/yoast-seo-premium-wordpress\/ -->\n<title>\u012esigykite savo dirvo\u017eemio stot\u012f - Paul-Tech<\/title>\n<meta name=\"robots\" content=\"index, follow, max-snippet:-1, max-image-preview:large, max-video-preview:-1\" \/>\n<link rel=\"canonical\" href=\"https:\/\/paul-tech.com\/lt\/buy-your-soil-station\/\" \/>\n<meta property=\"og:locale\" content=\"lt_LT\" \/>\n<meta property=\"og:type\" content=\"article\" \/>\n<meta property=\"og:title\" content=\"\u012esigykite savo dirvo\u017eemio stot\u012f\" \/>\n<meta property=\"og:url\" content=\"https:\/\/paul-tech.com\/lt\/buy-your-soil-station\/\" \/>\n<meta property=\"og:site_name\" content=\"Paul-Tech\" \/>\n<meta property=\"article:modified_time\" content=\"2026-03-24T09:49:01+00:00\" \/>\n<meta name=\"twitter:card\" content=\"summary_large_image\" \/>\n<script type=\"application\/ld+json\" class=\"yoast-schema-graph\">{\"@context\":\"https:\\\/\\\/schema.org\",\"@graph\":[{\"@type\":\"WebPage\",\"@id\":\"https:\\\/\\\/paul-tech.com\\\/lt\\\/buy-your-soil-station\\\/\",\"url\":\"https:\\\/\\\/paul-tech.com\\\/lt\\\/buy-your-soil-station\\\/\",\"name\":\"\u012esigykite savo dirvo\u017eemio stot\u012f - Paul-Tech\",\"isPartOf\":{\"@id\":\"https:\\\/\\\/paul-tech.com\\\/#website\"},\"datePublished\":\"2026-01-30T08:03:50+00:00\",\"dateModified\":\"2026-03-24T09:49:01+00:00\",\"breadcrumb\":{\"@id\":\"https:\\\/\\\/paul-tech.com\\\/lt\\\/buy-your-soil-station\\\/#breadcrumb\"},\"inLanguage\":\"lt-LT\",\"potentialAction\":[{\"@type\":\"ReadAction\",\"target\":[\"https:\\\/\\\/paul-tech.com\\\/lt\\\/buy-your-soil-station\\\/\"]}]},{\"@type\":\"BreadcrumbList\",\"@id\":\"https:\\\/\\\/paul-tech.com\\\/lt\\\/buy-your-soil-station\\\/#breadcrumb\",\"itemListElement\":[{\"@type\":\"ListItem\",\"position\":1,\"name\":\"Home\",\"item\":\"https:\\\/\\\/paul-tech.com\\\/lt\\\/\"},{\"@type\":\"ListItem\",\"position\":2,\"name\":\"\u012esigykite savo dirvo\u017eemio stot\u012f\"}]},{\"@type\":\"WebSite\",\"@id\":\"https:\\\/\\\/paul-tech.com\\\/#website\",\"url\":\"https:\\\/\\\/paul-tech.com\\\/\",\"name\":\"Paul-Tech\",\"description\":\"\",\"potentialAction\":[{\"@type\":\"SearchAction\",\"target\":{\"@type\":\"EntryPoint\",\"urlTemplate\":\"https:\\\/\\\/paul-tech.com\\\/?s={search_term_string}\"},\"query-input\":{\"@type\":\"PropertyValueSpecification\",\"valueRequired\":true,\"valueName\":\"search_term_string\"}}],\"inLanguage\":\"lt-LT\"}]}<\/script>\n<!-- \/ Yoast SEO Premium plugin. -->","yoast_head_json":{"title":"\u012esigykite savo dirvo\u017eemio stot\u012f - Paul-Tech","robots":{"index":"index","follow":"follow","max-snippet":"max-snippet:-1","max-image-preview":"max-image-preview:large","max-video-preview":"max-video-preview:-1"},"canonical":"https:\/\/paul-tech.com\/lt\/buy-your-soil-station\/","og_locale":"lt_LT","og_type":"article","og_title":"\u012esigykite savo dirvo\u017eemio stot\u012f","og_url":"https:\/\/paul-tech.com\/lt\/buy-your-soil-station\/","og_site_name":"Paul-Tech","article_modified_time":"2026-03-24T09:49:01+00:00","twitter_card":"summary_large_image","schema":{"@context":"https:\/\/schema.org","@graph":[{"@type":"WebPage","@id":"https:\/\/paul-tech.com\/lt\/buy-your-soil-station\/","url":"https:\/\/paul-tech.com\/lt\/buy-your-soil-station\/","name":"\u012esigykite savo dirvo\u017eemio stot\u012f - Paul-Tech","isPartOf":{"@id":"https:\/\/paul-tech.com\/#website"},"datePublished":"2026-01-30T08:03:50+00:00","dateModified":"2026-03-24T09:49:01+00:00","breadcrumb":{"@id":"https:\/\/paul-tech.com\/lt\/buy-your-soil-station\/#breadcrumb"},"inLanguage":"lt-LT","potentialAction":[{"@type":"ReadAction","target":["https:\/\/paul-tech.com\/lt\/buy-your-soil-station\/"]}]},{"@type":"BreadcrumbList","@id":"https:\/\/paul-tech.com\/lt\/buy-your-soil-station\/#breadcrumb","itemListElement":[{"@type":"ListItem","position":1,"name":"Home","item":"https:\/\/paul-tech.com\/lt\/"},{"@type":"ListItem","position":2,"name":"\u012esigykite savo dirvo\u017eemio stot\u012f"}]},{"@type":"WebSite","@id":"https:\/\/paul-tech.com\/#website","url":"https:\/\/paul-tech.com\/","name":"Paul-Tech","description":"","potentialAction":[{"@type":"SearchAction","target":{"@type":"EntryPoint","urlTemplate":"https:\/\/paul-tech.com\/?s={search_term_string}"},"query-input":{"@type":"PropertyValueSpecification","valueRequired":true,"valueName":"search_term_string"}}],"inLanguage":"lt-LT"}]}},"_links":{"self":[{"href":"https:\/\/paul-tech.com\/lt\/wp-json\/wp\/v2\/pages\/5204","targetHints":{"allow":["GET"]}}],"collection":[{"href":"https:\/\/paul-tech.com\/lt\/wp-json\/wp\/v2\/pages"}],"about":[{"href":"https:\/\/paul-tech.com\/lt\/wp-json\/wp\/v2\/types\/page"}],"author":[{"embeddable":true,"href":"https:\/\/paul-tech.com\/lt\/wp-json\/wp\/v2\/users\/9"}],"replies":[{"embeddable":true,"href":"https:\/\/paul-tech.com\/lt\/wp-json\/wp\/v2\/comments?post=5204"}],"version-history":[{"count":5,"href":"https:\/\/paul-tech.com\/lt\/wp-json\/wp\/v2\/pages\/5204\/revisions"}],"predecessor-version":[{"id":6354,"href":"https:\/\/paul-tech.com\/lt\/wp-json\/wp\/v2\/pages\/5204\/revisions\/6354"}],"wp:attachment":[{"href":"https:\/\/paul-tech.com\/lt\/wp-json\/wp\/v2\/media?parent=5204"}],"curies":[{"name":"wp","href":"https:\/\/api.w.org\/{rel}","templated":true}]}}